{"id":1533,"date":"2022-10-04T09:33:12","date_gmt":"2022-10-04T09:33:12","guid":{"rendered":"https:\/\/restaurantecasadelnono.es\/?page_id=1533"},"modified":"2026-04-28T11:41:49","modified_gmt":"2026-04-28T10:41:49","slug":"menu-del-dia","status":"publish","type":"page","link":"https:\/\/restaurantecasadelnono.es\/index.php\/menu-del-dia\/","title":{"rendered":"Men\u00fa del D\u00eda"},"content":{"rendered":"\t\t<div data-elementor-type=\"wp-page\" data-elementor-id=\"1533\" class=\"elementor elementor-1533\" data-elementor-post-type=\"page\">\n\t\t\t\t\t\t<section class=\"elementor-section elementor-top-section elementor-element elementor-element-5c89a02 elementor-section-boxed elementor-section-height-default elementor-section-height-default wpr-particle-no wpr-jarallax-no wpr-parallax-no wpr-sticky-section-no wpr-equal-height-no\" data-id=\"5c89a02\" data-element_type=\"section\" data-e-type=\"section\" data-settings=\"{&quot;background_background&quot;:&quot;classic&quot;}\">\n\t\t\t\t\t\t\t<div class=\"elementor-background-overlay\"><\/div>\n\t\t\t\t\t\t\t<div class=\"elementor-container elementor-column-gap-no\">\n\t\t\t\t\t<div class=\"elementor-column elementor-col-100 elementor-top-column elementor-element elementor-element-4aa8cc6 animated-slow elementor-invisible\" data-id=\"4aa8cc6\" data-element_type=\"column\" data-e-type=\"column\" data-settings=\"{&quot;animation&quot;:&quot;fadeInLeft&quot;}\">\n\t\t\t<div class=\"elementor-widget-wrap elementor-element-populated\">\n\t\t\t\t\t\t<div class=\"elementor-element elementor-element-822e8f2 elementor-widget elementor-widget-heading\" data-id=\"822e8f2\" data-element_type=\"widget\" data-e-type=\"widget\" data-widget_type=\"heading.default\">\n\t\t\t\t<div class=\"elementor-widget-container\">\n\t\t\t\t\t<h1 class=\"elementor-heading-title elementor-size-default\">Men\u00fa del D\u00eda<\/h1>\t\t\t\t<\/div>\n\t\t\t\t<\/div>\n\t\t\t\t\t<\/div>\n\t\t<\/div>\n\t\t\t\t\t<\/div>\n\t\t<\/section>\n\t\t\t\t<section class=\"elementor-section elementor-top-section elementor-element elementor-element-4a29e81 elementor-section-boxed elementor-section-height-default elementor-section-height-default wpr-particle-no wpr-jarallax-no wpr-parallax-no wpr-sticky-section-no wpr-equal-height-no\" data-id=\"4a29e81\" data-element_type=\"section\" data-e-type=\"section\">\n\t\t\t\t\t\t<div class=\"elementor-container elementor-column-gap-default\">\n\t\t\t\t\t<div class=\"elementor-column elementor-col-100 elementor-top-column elementor-element elementor-element-63d5f8a\" data-id=\"63d5f8a\" data-element_type=\"column\" data-e-type=\"column\">\n\t\t\t<div class=\"elementor-widget-wrap elementor-element-populated\">\n\t\t\t\t\t\t<div class=\"elementor-element elementor-element-b0e621d elementor-widget elementor-widget-image\" data-id=\"b0e621d\" data-element_type=\"widget\" data-e-type=\"widget\" data-widget_type=\"image.default\">\n\t\t\t\t<div class=\"elementor-widget-container\">\n\t\t\t\t\t\t\t\t\t\t\t\t\t\t\t<img fetchpriority=\"high\" decoding=\"async\" width=\"724\" height=\"1024\" src=\"https:\/\/restaurantecasadelnono.es\/wp-content\/uploads\/2026\/04\/MENU-DEL-DIA_28042026_PRIMEROS-724x1024.jpg\" class=\"attachment-large size-large wp-image-3124\" alt=\"\" srcset=\"https:\/\/restaurantecasadelnono.es\/wp-content\/uploads\/2026\/04\/MENU-DEL-DIA_28042026_PRIMEROS-724x1024.jpg 724w, https:\/\/restaurantecasadelnono.es\/wp-content\/uploads\/2026\/04\/MENU-DEL-DIA_28042026_PRIMEROS-212x300.jpg 212w, https:\/\/restaurantecasadelnono.es\/wp-content\/uploads\/2026\/04\/MENU-DEL-DIA_28042026_PRIMEROS-768x1086.jpg 768w, https:\/\/restaurantecasadelnono.es\/wp-content\/uploads\/2026\/04\/MENU-DEL-DIA_28042026_PRIMEROS-1086x1536.jpg 1086w, https:\/\/restaurantecasadelnono.es\/wp-content\/uploads\/2026\/04\/MENU-DEL-DIA_28042026_PRIMEROS-1448x2048.jpg 1448w, https:\/\/restaurantecasadelnono.es\/wp-content\/uploads\/2026\/04\/MENU-DEL-DIA_28042026_PRIMEROS-scaled.jpg 1811w\" sizes=\"(max-width: 724px) 100vw, 724px\" \/>\t\t\t\t\t\t\t\t\t\t\t\t\t\t\t<\/div>\n\t\t\t\t<\/div>\n\t\t\t\t<div class=\"elementor-element elementor-element-693b955 elementor-widget elementor-widget-spacer\" data-id=\"693b955\" data-element_type=\"widget\" data-e-type=\"widget\" data-widget_type=\"spacer.default\">\n\t\t\t\t<div class=\"elementor-widget-container\">\n\t\t\t\t\t\t\t<div class=\"elementor-spacer\">\n\t\t\t<div class=\"elementor-spacer-inner\"><\/div>\n\t\t<\/div>\n\t\t\t\t\t\t<\/div>\n\t\t\t\t<\/div>\n\t\t\t\t\t<\/div>\n\t\t<\/div>\n\t\t\t\t\t<\/div>\n\t\t<\/section>\n\t\t\t\t<section class=\"elementor-section elementor-top-section elementor-element elementor-element-4332195 elementor-section-boxed elementor-section-height-default elementor-section-height-default wpr-particle-no wpr-jarallax-no wpr-parallax-no wpr-sticky-section-no wpr-equal-height-no\" data-id=\"4332195\" data-element_type=\"section\" data-e-type=\"section\">\n\t\t\t\t\t\t<div class=\"elementor-container elementor-column-gap-default\">\n\t\t\t\t\t<div class=\"elementor-column elementor-col-100 elementor-top-column elementor-element elementor-element-a91a527\" data-id=\"a91a527\" data-element_type=\"column\" data-e-type=\"column\">\n\t\t\t<div class=\"elementor-widget-wrap elementor-element-populated\">\n\t\t\t\t\t\t<div class=\"elementor-element elementor-element-cf804b1 elementor-widget elementor-widget-image\" data-id=\"cf804b1\" data-element_type=\"widget\" data-e-type=\"widget\" data-widget_type=\"image.default\">\n\t\t\t\t<div class=\"elementor-widget-container\">\n\t\t\t\t\t\t\t\t\t\t\t\t\t\t\t<img decoding=\"async\" width=\"724\" height=\"1024\" src=\"https:\/\/restaurantecasadelnono.es\/wp-content\/uploads\/2026\/04\/MENU-DEL-DIA_28042026_SEGUNDOS-724x1024.jpg\" class=\"attachment-large size-large wp-image-3123\" alt=\"\" srcset=\"https:\/\/restaurantecasadelnono.es\/wp-content\/uploads\/2026\/04\/MENU-DEL-DIA_28042026_SEGUNDOS-724x1024.jpg 724w, https:\/\/restaurantecasadelnono.es\/wp-content\/uploads\/2026\/04\/MENU-DEL-DIA_28042026_SEGUNDOS-212x300.jpg 212w, https:\/\/restaurantecasadelnono.es\/wp-content\/uploads\/2026\/04\/MENU-DEL-DIA_28042026_SEGUNDOS-768x1086.jpg 768w, https:\/\/restaurantecasadelnono.es\/wp-content\/uploads\/2026\/04\/MENU-DEL-DIA_28042026_SEGUNDOS-1086x1536.jpg 1086w, https:\/\/restaurantecasadelnono.es\/wp-content\/uploads\/2026\/04\/MENU-DEL-DIA_28042026_SEGUNDOS-1448x2048.jpg 1448w, https:\/\/restaurantecasadelnono.es\/wp-content\/uploads\/2026\/04\/MENU-DEL-DIA_28042026_SEGUNDOS-scaled.jpg 1811w\" sizes=\"(max-width: 724px) 100vw, 724px\" \/>\t\t\t\t\t\t\t\t\t\t\t\t\t\t\t<\/div>\n\t\t\t\t<\/div>\n\t\t\t\t<div class=\"elementor-element elementor-element-21e379a elementor-widget elementor-widget-image\" data-id=\"21e379a\" data-element_type=\"widget\" data-e-type=\"widget\" data-widget_type=\"image.default\">\n\t\t\t\t<div class=\"elementor-widget-container\">\n\t\t\t\t\t\t\t\t\t\t\t\t\t\t\t<img decoding=\"async\" width=\"724\" height=\"1024\" src=\"https:\/\/restaurantecasadelnono.es\/wp-content\/uploads\/2026\/03\/MENU-DEL-DIA_PRECIOS_casadelnono_03-03-2026-724x1024.jpg\" class=\"attachment-large size-large wp-image-2995\" alt=\"\" srcset=\"https:\/\/restaurantecasadelnono.es\/wp-content\/uploads\/2026\/03\/MENU-DEL-DIA_PRECIOS_casadelnono_03-03-2026-724x1024.jpg 724w, https:\/\/restaurantecasadelnono.es\/wp-content\/uploads\/2026\/03\/MENU-DEL-DIA_PRECIOS_casadelnono_03-03-2026-212x300.jpg 212w, https:\/\/restaurantecasadelnono.es\/wp-content\/uploads\/2026\/03\/MENU-DEL-DIA_PRECIOS_casadelnono_03-03-2026-768x1086.jpg 768w, https:\/\/restaurantecasadelnono.es\/wp-content\/uploads\/2026\/03\/MENU-DEL-DIA_PRECIOS_casadelnono_03-03-2026-1086x1536.jpg 1086w, https:\/\/restaurantecasadelnono.es\/wp-content\/uploads\/2026\/03\/MENU-DEL-DIA_PRECIOS_casadelnono_03-03-2026-1448x2048.jpg 1448w, https:\/\/restaurantecasadelnono.es\/wp-content\/uploads\/2026\/03\/MENU-DEL-DIA_PRECIOS_casadelnono_03-03-2026-scaled.jpg 1811w\" sizes=\"(max-width: 724px) 100vw, 724px\" \/>\t\t\t\t\t\t\t\t\t\t\t\t\t\t\t<\/div>\n\t\t\t\t<\/div>\n\t\t\t\t\t<\/div>\n\t\t<\/div>\n\t\t\t\t\t<\/div>\n\t\t<\/section>\n\t\t\t\t<\/div>\n\t\t","protected":false},"excerpt":{"rendered":"<p>Men\u00fa del D\u00eda<\/p>\n","protected":false},"author":1,"featured_media":0,"parent":0,"menu_order":0,"comment_status":"closed","ping_status":"closed","template":"","meta":{"site-sidebar-layout":"no-sidebar","site-content-layout":"page-builder","ast-site-content-layout":"default","site-content-style":"default","site-sidebar-style":"default","ast-global-header-display":"","ast-banner-title-visibility":"","ast-main-header-display":"","ast-hfb-above-header-display":"","ast-hfb-below-header-display":"","ast-hfb-mobile-header-display":"","site-post-title":"disabled","ast-breadcrumbs-content":"","ast-featured-img":"disabled","footer-sml-layout":"","ast-disable-related-posts":"","theme-transparent-header-meta":"enabled","adv-header-id-meta":"","stick-header-meta":"","header-above-stick-meta":"","header-main-stick-meta":"","header-below-stick-meta":"","astra-migrate-meta-layouts":"default","ast-page-background-enabled":"default","ast-page-background-meta":{"desktop":{"background-color":"","background-image":"","background-repeat":"repeat","background-position":"center center","background-size":"auto","background-attachment":"scroll","background-type":"","background-media":"","overlay-type":"","overlay-color":"","overlay-opacity":"","overlay-gradient":""},"tablet":{"background-color":"","background-image":"","background-repeat":"repeat","background-position":"center center","background-size":"auto","background-attachment":"scroll","background-type":"","background-media":"","overlay-type":"","overlay-color":"","overlay-opacity":"","overlay-gradient":""},"mobile":{"background-color":"","background-image":"","background-repeat":"repeat","background-position":"center center","background-size":"auto","background-attachment":"scroll","background-type":"","background-media":"","overlay-type":"","overlay-color":"","overlay-opacity":"","overlay-gradient":""}},"ast-content-background-meta":{"desktop":{"background-color":"var(--ast-global-color-5)","background-image":"","background-repeat":"repeat","background-position":"center center","background-size":"auto","background-attachment":"scroll","background-type":"","background-media":"","overlay-type":"","overlay-color":"","overlay-opacity":"","overlay-gradient":""},"tablet":{"background-color":"var(--ast-global-color-5)","background-image":"","background-repeat":"repeat","background-position":"center center","background-size":"auto","background-attachment":"scroll","background-type":"","background-media":"","overlay-type":"","overlay-color":"","overlay-opacity":"","overlay-gradient":""},"mobile":{"background-color":"var(--ast-global-color-5)","background-image":"","background-repeat":"repeat","background-position":"center center","background-size":"auto","background-attachment":"scroll","background-type":"","background-media":"","overlay-type":"","overlay-color":"","overlay-opacity":"","overlay-gradient":""}},"footnotes":""},"class_list":["post-1533","page","type-page","status-publish","hentry"],"yoast_head":"<!-- This site is optimized with the Yoast SEO plugin v27.4 - https:\/\/yoast.com\/product\/yoast-seo-wordpress\/ -->\n<title>Men\u00fa del D\u00eda -<\/title>\n<meta name=\"robots\" content=\"index, follow, max-snippet:-1, max-image-preview:large, max-video-preview:-1\" \/>\n<link rel=\"canonical\" href=\"https:\/\/restaurantecasadelnono.es\/index.php\/menu-del-dia\/\" \/>\n<meta property=\"og:locale\" content=\"es_ES\" \/>\n<meta property=\"og:type\" content=\"article\" \/>\n<meta property=\"og:title\" content=\"Men\u00fa del D\u00eda -\" \/>\n<meta property=\"og:description\" content=\"Men\u00fa del D\u00eda\" \/>\n<meta property=\"og:url\" content=\"https:\/\/restaurantecasadelnono.es\/index.php\/menu-del-dia\/\" \/>\n<meta property=\"article:modified_time\" content=\"2026-04-28T10:41:49+00:00\" \/>\n<meta property=\"og:image\" content=\"https:\/\/restaurantecasadelnono.es\/wp-content\/uploads\/2026\/04\/MENU-DEL-DIA_14_aprile_2026_PRIMEROS-724x1024.jpg\" \/>\n<meta name=\"twitter:card\" content=\"summary_large_image\" \/>\n<meta name=\"twitter:label1\" content=\"Tiempo de lectura\" \/>\n\t<meta name=\"twitter:data1\" content=\"9 minutos\" \/>\n<script type=\"application\/ld+json\" class=\"yoast-schema-graph\">{\"@context\":\"https:\\\/\\\/schema.org\",\"@graph\":[{\"@type\":\"WebPage\",\"@id\":\"https:\\\/\\\/restaurantecasadelnono.es\\\/index.php\\\/menu-del-dia\\\/\",\"url\":\"https:\\\/\\\/restaurantecasadelnono.es\\\/index.php\\\/menu-del-dia\\\/\",\"name\":\"Men\u00fa del D\u00eda -\",\"isPartOf\":{\"@id\":\"https:\\\/\\\/restaurantecasadelnono.es\\\/#website\"},\"primaryImageOfPage\":{\"@id\":\"https:\\\/\\\/restaurantecasadelnono.es\\\/index.php\\\/menu-del-dia\\\/#primaryimage\"},\"image\":{\"@id\":\"https:\\\/\\\/restaurantecasadelnono.es\\\/index.php\\\/menu-del-dia\\\/#primaryimage\"},\"thumbnailUrl\":\"https:\\\/\\\/restaurantecasadelnono.es\\\/wp-content\\\/uploads\\\/2026\\\/04\\\/MENU-DEL-DIA_28042026_PRIMEROS-724x1024.jpg\",\"datePublished\":\"2022-10-04T09:33:12+00:00\",\"dateModified\":\"2026-04-28T10:41:49+00:00\",\"breadcrumb\":{\"@id\":\"https:\\\/\\\/restaurantecasadelnono.es\\\/index.php\\\/menu-del-dia\\\/#breadcrumb\"},\"inLanguage\":\"es\",\"potentialAction\":[{\"@type\":\"ReadAction\",\"target\":[\"https:\\\/\\\/restaurantecasadelnono.es\\\/index.php\\\/menu-del-dia\\\/\"]}]},{\"@type\":\"ImageObject\",\"inLanguage\":\"es\",\"@id\":\"https:\\\/\\\/restaurantecasadelnono.es\\\/index.php\\\/menu-del-dia\\\/#primaryimage\",\"url\":\"https:\\\/\\\/restaurantecasadelnono.es\\\/wp-content\\\/uploads\\\/2026\\\/04\\\/MENU-DEL-DIA_28042026_PRIMEROS-scaled.jpg\",\"contentUrl\":\"https:\\\/\\\/restaurantecasadelnono.es\\\/wp-content\\\/uploads\\\/2026\\\/04\\\/MENU-DEL-DIA_28042026_PRIMEROS-scaled.jpg\",\"width\":1811,\"height\":2560},{\"@type\":\"BreadcrumbList\",\"@id\":\"https:\\\/\\\/restaurantecasadelnono.es\\\/index.php\\\/menu-del-dia\\\/#breadcrumb\",\"itemListElement\":[{\"@type\":\"ListItem\",\"position\":1,\"name\":\"Portada\",\"item\":\"https:\\\/\\\/restaurantecasadelnono.es\\\/\"},{\"@type\":\"ListItem\",\"position\":2,\"name\":\"Men\u00fa del D\u00eda\"}]},{\"@type\":\"WebSite\",\"@id\":\"https:\\\/\\\/restaurantecasadelnono.es\\\/#website\",\"url\":\"https:\\\/\\\/restaurantecasadelnono.es\\\/\",\"name\":\"\",\"description\":\"\",\"potentialAction\":[{\"@type\":\"SearchAction\",\"target\":{\"@type\":\"EntryPoint\",\"urlTemplate\":\"https:\\\/\\\/restaurantecasadelnono.es\\\/?s={search_term_string}\"},\"query-input\":{\"@type\":\"PropertyValueSpecification\",\"valueRequired\":true,\"valueName\":\"search_term_string\"}}],\"inLanguage\":\"es\"}]}<\/script>\n<!-- \/ Yoast SEO plugin. -->","yoast_head_json":{"title":"Men\u00fa del D\u00eda -","robots":{"index":"index","follow":"follow","max-snippet":"max-snippet:-1","max-image-preview":"max-image-preview:large","max-video-preview":"max-video-preview:-1"},"canonical":"https:\/\/restaurantecasadelnono.es\/index.php\/menu-del-dia\/","og_locale":"es_ES","og_type":"article","og_title":"Men\u00fa del D\u00eda -","og_description":"Men\u00fa del D\u00eda","og_url":"https:\/\/restaurantecasadelnono.es\/index.php\/menu-del-dia\/","article_modified_time":"2026-04-28T10:41:49+00:00","og_image":[{"url":"https:\/\/restaurantecasadelnono.es\/wp-content\/uploads\/2026\/04\/MENU-DEL-DIA_14_aprile_2026_PRIMEROS-724x1024.jpg","type":"","width":"","height":""}],"twitter_card":"summary_large_image","twitter_misc":{"Tiempo de lectura":"9 minutos"},"schema":{"@context":"https:\/\/schema.org","@graph":[{"@type":"WebPage","@id":"https:\/\/restaurantecasadelnono.es\/index.php\/menu-del-dia\/","url":"https:\/\/restaurantecasadelnono.es\/index.php\/menu-del-dia\/","name":"Men\u00fa del D\u00eda -","isPartOf":{"@id":"https:\/\/restaurantecasadelnono.es\/#website"},"primaryImageOfPage":{"@id":"https:\/\/restaurantecasadelnono.es\/index.php\/menu-del-dia\/#primaryimage"},"image":{"@id":"https:\/\/restaurantecasadelnono.es\/index.php\/menu-del-dia\/#primaryimage"},"thumbnailUrl":"https:\/\/restaurantecasadelnono.es\/wp-content\/uploads\/2026\/04\/MENU-DEL-DIA_28042026_PRIMEROS-724x1024.jpg","datePublished":"2022-10-04T09:33:12+00:00","dateModified":"2026-04-28T10:41:49+00:00","breadcrumb":{"@id":"https:\/\/restaurantecasadelnono.es\/index.php\/menu-del-dia\/#breadcrumb"},"inLanguage":"es","potentialAction":[{"@type":"ReadAction","target":["https:\/\/restaurantecasadelnono.es\/index.php\/menu-del-dia\/"]}]},{"@type":"ImageObject","inLanguage":"es","@id":"https:\/\/restaurantecasadelnono.es\/index.php\/menu-del-dia\/#primaryimage","url":"https:\/\/restaurantecasadelnono.es\/wp-content\/uploads\/2026\/04\/MENU-DEL-DIA_28042026_PRIMEROS-scaled.jpg","contentUrl":"https:\/\/restaurantecasadelnono.es\/wp-content\/uploads\/2026\/04\/MENU-DEL-DIA_28042026_PRIMEROS-scaled.jpg","width":1811,"height":2560},{"@type":"BreadcrumbList","@id":"https:\/\/restaurantecasadelnono.es\/index.php\/menu-del-dia\/#breadcrumb","itemListElement":[{"@type":"ListItem","position":1,"name":"Portada","item":"https:\/\/restaurantecasadelnono.es\/"},{"@type":"ListItem","position":2,"name":"Men\u00fa del D\u00eda"}]},{"@type":"WebSite","@id":"https:\/\/restaurantecasadelnono.es\/#website","url":"https:\/\/restaurantecasadelnono.es\/","name":"","description":"","potentialAction":[{"@type":"SearchAction","target":{"@type":"EntryPoint","urlTemplate":"https:\/\/restaurantecasadelnono.es\/?s={search_term_string}"},"query-input":{"@type":"PropertyValueSpecification","valueRequired":true,"valueName":"search_term_string"}}],"inLanguage":"es"}]}},"jetpack_sharing_enabled":true,"_links":{"self":[{"href":"https:\/\/restaurantecasadelnono.es\/index.php\/wp-json\/wp\/v2\/pages\/1533","targetHints":{"allow":["GET"]}}],"collection":[{"href":"https:\/\/restaurantecasadelnono.es\/index.php\/wp-json\/wp\/v2\/pages"}],"about":[{"href":"https:\/\/restaurantecasadelnono.es\/index.php\/wp-json\/wp\/v2\/types\/page"}],"author":[{"embeddable":true,"href":"https:\/\/restaurantecasadelnono.es\/index.php\/wp-json\/wp\/v2\/users\/1"}],"replies":[{"embeddable":true,"href":"https:\/\/restaurantecasadelnono.es\/index.php\/wp-json\/wp\/v2\/comments?post=1533"}],"version-history":[{"count":292,"href":"https:\/\/restaurantecasadelnono.es\/index.php\/wp-json\/wp\/v2\/pages\/1533\/revisions"}],"predecessor-version":[{"id":3131,"href":"https:\/\/restaurantecasadelnono.es\/index.php\/wp-json\/wp\/v2\/pages\/1533\/revisions\/3131"}],"wp:attachment":[{"href":"https:\/\/restaurantecasadelnono.es\/index.php\/wp-json\/wp\/v2\/media?parent=1533"}],"curies":[{"name":"wp","href":"https:\/\/api.w.org\/{rel}","templated":true}]}}