{"id":1831,"date":"2023-05-13T08:01:35","date_gmt":"2023-05-13T08:01:35","guid":{"rendered":"https:\/\/restaurantecasadelnono.es\/?page_id=1831"},"modified":"2023-05-13T08:05:42","modified_gmt":"2023-05-13T08:05:42","slug":"terminos-y-condiciones","status":"publish","type":"page","link":"https:\/\/restaurantecasadelnono.es\/index.php\/terminos-y-condiciones\/","title":{"rendered":"Terminos y Condiciones"},"content":{"rendered":"<p>Informaci\u00f3n Legal y Reglamentaria<\/p>\n<p>Bienvenido\/a a <strong>restaurantecasadelnono.es<\/strong>. A continuaci\u00f3n, te proporcionamos la informaci\u00f3n legal y reglamentaria necesaria para el uso adecuado de nuestro sitio web:<\/p>\n<p>1. Propiedad del sitio web: <strong>restaurantecasadelnono.es<\/strong> es propiedad y est\u00e1 operado por Harold Rios Carmona &#8211; RESTAURANTE CASA DEL NONO. Nuestra empresa tiene su domicilio social en [PASAJE LOS AGUERAS, 1 30868 ISLA PLANA &#8211; CARTAGENA].<\/p>\n<p>2. Uso del sitio web: Al acceder y utilizar nuestro sitio web, aceptas cumplir con los t\u00e9rminos y condiciones establecidos en este aviso legal. Si no est\u00e1s de acuerdo con alguno de estos t\u00e9rminos, te recomendamos que no utilices nuestro sitio web.<\/p>\n<p>3. Propiedad intelectual: Todos los contenidos del sitio web, incluyendo textos, im\u00e1genes, logotipos, dise\u00f1os, gr\u00e1ficos y software, est\u00e1n protegidos por derechos de propiedad intelectual y son propiedad exclusiva de <strong>restaurantecasadelnono.es<\/strong> o de los terceros que nos han otorgado licencias para su uso. Queda prohibida la reproducci\u00f3n, distribuci\u00f3n, modificaci\u00f3n o cualquier otro uso no autorizado de dichos contenidos sin el consentimiento previo por escrito del propietario.<\/p>\n<p>4. Enlaces a sitios web externos: Nuestro sitio web puede contener enlaces a sitios web de terceros. Estos enlaces son proporcionados \u00fanicamente para tu conveniencia. No tenemos control sobre el contenido de esos sitios web y no nos hacemos responsables de su precisi\u00f3n, actualidad o legalidad. La inclusi\u00f3n de cualquier enlace no implica necesariamente una asociaci\u00f3n, aprobaci\u00f3n o respaldo por nuestra parte.<\/p>\n<p>5. Responsabilidad: Hemos tomado las medidas necesarias para asegurarnos de que la informaci\u00f3n proporcionada en nuestro sitio web sea precisa y actualizada. Sin embargo, no podemos garantizar la exactitud, integridad o actualidad de la informaci\u00f3n. En ning\u00fan caso seremos responsables de cualquier p\u00e9rdida, da\u00f1o o perjuicio, directo o indirecto, que pueda surgir del uso o la confianza en la informaci\u00f3n proporcionada en nuestro sitio web.<\/p>\n<p>6. Protecci\u00f3n de datos personales: Nos comprometemos a proteger y respetar tu privacidad de acuerdo con la legislaci\u00f3n vigente en materia de protecci\u00f3n de datos personales. Para obtener m\u00e1s informaci\u00f3n sobre c\u00f3mo recopilamos, utilizamos y protegemos tus datos personales, consulta nuestra Pol\u00edtica de Privacidad.<\/p>\n<p>7. Legislaci\u00f3n aplicable y jurisdicci\u00f3n: Este aviso legal se rige e interpreta de acuerdo con las leyes de [pa\u00eds]. Cualquier disputa que surja en relaci\u00f3n con este aviso legal se someter\u00e1 a la jurisdicci\u00f3n exclusiva de los tribunales de [ciudad].<\/p>\n<p>Te recomendamos revisar esta informaci\u00f3n legal y reglamentaria peri\u00f3dicamente, ya que nos reservamos el derecho de actualizarla o modificarla en cualquier momento sin previo aviso.<\/p>\n<p>Si tienes alguna pregunta o consulta relacionada con esta informaci\u00f3n legal, no dudes en contactarnos a trav\u00e9s de los datos proporcionados en nuestro sitio web.<\/p>\n<p>\u00daltima actualizaci\u00f3n: [13\/05\/2023]<\/p>\n","protected":false},"excerpt":{"rendered":"<p>Informaci\u00f3n Legal y Reglamentaria Bienvenido\/a a restaurantecasadelnono.es. A continuaci\u00f3n, te proporcionamos la informaci\u00f3n legal y reglamentaria necesaria para el uso adecuado de nuestro sitio web: 1. Propiedad del sitio web: restaurantecasadelnono.es es propiedad y est\u00e1 operado por Harold Rios Carmona &#8211; RESTAURANTE CASA DEL NONO. Nuestra empresa tiene su domicilio social en [PASAJE LOS AGUERAS, 1 30868 ISLA PLANA &#8211; CARTAGENA]. 2. Uso del sitio web: Al acceder y utilizar nuestro sitio web, aceptas cumplir con los t\u00e9rminos y condiciones establecidos en este aviso legal. Si no est\u00e1s de acuerdo con alguno de estos t\u00e9rminos, te recomendamos que no utilices nuestro sitio web. 3. Propiedad intelectual: Todos los contenidos del sitio web, incluyendo textos, im\u00e1genes, logotipos, dise\u00f1os, gr\u00e1ficos y software, est\u00e1n protegidos por derechos de propiedad intelectual y son propiedad exclusiva de restaurantecasadelnono.es o de los terceros que nos han otorgado licencias para su uso. Queda prohibida la reproducci\u00f3n, distribuci\u00f3n, modificaci\u00f3n o cualquier otro uso no autorizado de dichos contenidos sin el consentimiento previo por escrito del propietario. 4. Enlaces a sitios web externos: Nuestro sitio web puede contener enlaces a sitios web de terceros. Estos enlaces son proporcionados \u00fanicamente para tu conveniencia. No tenemos control sobre el contenido de esos sitios web y no nos hacemos responsables de su precisi\u00f3n, actualidad o legalidad. La inclusi\u00f3n de cualquier enlace no implica necesariamente una asociaci\u00f3n, aprobaci\u00f3n o respaldo por nuestra parte. 5. Responsabilidad: Hemos tomado las medidas necesarias para asegurarnos de que la informaci\u00f3n proporcionada en nuestro sitio web sea precisa y actualizada. Sin embargo, no podemos garantizar la exactitud, integridad o actualidad de la informaci\u00f3n. En ning\u00fan caso seremos responsables de cualquier p\u00e9rdida, da\u00f1o o perjuicio, directo o indirecto, que pueda surgir del uso o la confianza en la informaci\u00f3n proporcionada en nuestro sitio web. 6. Protecci\u00f3n de datos personales: Nos comprometemos a proteger y respetar tu privacidad de acuerdo con la legislaci\u00f3n vigente en materia de protecci\u00f3n de datos personales. Para obtener m\u00e1s informaci\u00f3n sobre c\u00f3mo recopilamos, utilizamos y protegemos tus datos personales, consulta nuestra Pol\u00edtica de Privacidad. 7. Legislaci\u00f3n aplicable y jurisdicci\u00f3n: Este aviso legal se rige e interpreta de acuerdo con las leyes de [pa\u00eds]. Cualquier disputa que surja en relaci\u00f3n con este aviso legal se someter\u00e1 a la jurisdicci\u00f3n exclusiva de los tribunales de [ciudad]. Te recomendamos revisar esta informaci\u00f3n legal y reglamentaria peri\u00f3dicamente, ya que nos reservamos el derecho de actualizarla o modificarla en cualquier momento sin previo aviso. Si tienes alguna pregunta o consulta relacionada con esta informaci\u00f3n legal, no dudes en contactarnos a trav\u00e9s de los datos proporcionados en nuestro sitio web. \u00daltima actualizaci\u00f3n: [13\/05\/2023]<\/p>\n","protected":false},"author":1,"featured_media":0,"parent":0,"menu_order":0,"comment_status":"closed","ping_status":"closed","template":"","meta":{"site-sidebar-layout":"default","site-content-layout":"","ast-site-content-layout":"default","site-content-style":"default","site-sidebar-style":"default","ast-global-header-display":"","ast-banner-title-visibility":"","ast-main-header-display":"","ast-hfb-above-header-display":"","ast-hfb-below-header-display":"","ast-hfb-mobile-header-display":"","site-post-title":"","ast-breadcrumbs-content":"","ast-featured-img":"","footer-sml-layout":"","ast-disable-related-posts":"","theme-transparent-header-meta":"","adv-header-id-meta":"","stick-header-meta":"","header-above-stick-meta":"","header-main-stick-meta":"","header-below-stick-meta":"","astra-migrate-meta-layouts":"default","ast-page-background-enabled":"default","ast-page-background-meta":{"desktop":{"background-color":"","background-image":"","background-repeat":"repeat","background-position":"center center","background-size":"auto","background-attachment":"scroll","background-type":"","background-media":"","overlay-type":"","overlay-color":"","overlay-opacity":"","overlay-gradient":""},"tablet":{"background-color":"","background-image":"","background-repeat":"repeat","background-position":"center center","background-size":"auto","background-attachment":"scroll","background-type":"","background-media":"","overlay-type":"","overlay-color":"","overlay-opacity":"","overlay-gradient":""},"mobile":{"background-color":"","background-image":"","background-repeat":"repeat","background-position":"center center","background-size":"auto","background-attachment":"scroll","background-type":"","background-media":"","overlay-type":"","overlay-color":"","overlay-opacity":"","overlay-gradient":""}},"ast-content-background-meta":{"desktop":{"background-color":"var(--ast-global-color-5)","background-image":"","background-repeat":"repeat","background-position":"center center","background-size":"auto","background-attachment":"scroll","background-type":"","background-media":"","overlay-type":"","overlay-color":"","overlay-opacity":"","overlay-gradient":""},"tablet":{"background-color":"var(--ast-global-color-5)","background-image":"","background-repeat":"repeat","background-position":"center center","background-size":"auto","background-attachment":"scroll","background-type":"","background-media":"","overlay-type":"","overlay-color":"","overlay-opacity":"","overlay-gradient":""},"mobile":{"background-color":"var(--ast-global-color-5)","background-image":"","background-repeat":"repeat","background-position":"center center","background-size":"auto","background-attachment":"scroll","background-type":"","background-media":"","overlay-type":"","overlay-color":"","overlay-opacity":"","overlay-gradient":""}},"footnotes":""},"class_list":["post-1831","page","type-page","status-publish","hentry"],"yoast_head":"<!-- This site is optimized with the Yoast SEO plugin v27.4 - https:\/\/yoast.com\/product\/yoast-seo-wordpress\/ -->\n<title>Terminos y Condiciones -<\/title>\n<meta name=\"robots\" content=\"index, follow, max-snippet:-1, max-image-preview:large, max-video-preview:-1\" \/>\n<link rel=\"canonical\" href=\"https:\/\/restaurantecasadelnono.es\/index.php\/terminos-y-condiciones\/\" \/>\n<meta property=\"og:locale\" content=\"es_ES\" \/>\n<meta property=\"og:type\" content=\"article\" \/>\n<meta property=\"og:title\" content=\"Terminos y Condiciones -\" \/>\n<meta property=\"og:description\" content=\"Informaci\u00f3n Legal y Reglamentaria Bienvenido\/a a restaurantecasadelnono.es. A continuaci\u00f3n, te proporcionamos la informaci\u00f3n legal y reglamentaria necesaria para el uso adecuado de nuestro sitio web: 1. Propiedad del sitio web: restaurantecasadelnono.es es propiedad y est\u00e1 operado por Harold Rios Carmona &#8211; RESTAURANTE CASA DEL NONO. Nuestra empresa tiene su domicilio social en [PASAJE LOS AGUERAS, 1 30868 ISLA PLANA &#8211; CARTAGENA]. 2. Uso del sitio web: Al acceder y utilizar nuestro sitio web, aceptas cumplir con los t\u00e9rminos y condiciones establecidos en este aviso legal. Si no est\u00e1s de acuerdo con alguno de estos t\u00e9rminos, te recomendamos que no utilices nuestro sitio web. 3. Propiedad intelectual: Todos los contenidos del sitio web, incluyendo textos, im\u00e1genes, logotipos, dise\u00f1os, gr\u00e1ficos y software, est\u00e1n protegidos por derechos de propiedad intelectual y son propiedad exclusiva de restaurantecasadelnono.es o de los terceros que nos han otorgado licencias para su uso. Queda prohibida la reproducci\u00f3n, distribuci\u00f3n, modificaci\u00f3n o cualquier otro uso no autorizado de dichos contenidos sin el consentimiento previo por escrito del propietario. 4. Enlaces a sitios web externos: Nuestro sitio web puede contener enlaces a sitios web de terceros. Estos enlaces son proporcionados \u00fanicamente para tu conveniencia. No tenemos control sobre el contenido de esos sitios web y no nos hacemos responsables de su precisi\u00f3n, actualidad o legalidad. La inclusi\u00f3n de cualquier enlace no implica necesariamente una asociaci\u00f3n, aprobaci\u00f3n o respaldo por nuestra parte. 5. Responsabilidad: Hemos tomado las medidas necesarias para asegurarnos de que la informaci\u00f3n proporcionada en nuestro sitio web sea precisa y actualizada. Sin embargo, no podemos garantizar la exactitud, integridad o actualidad de la informaci\u00f3n. En ning\u00fan caso seremos responsables de cualquier p\u00e9rdida, da\u00f1o o perjuicio, directo o indirecto, que pueda surgir del uso o la confianza en la informaci\u00f3n proporcionada en nuestro sitio web. 6. Protecci\u00f3n de datos personales: Nos comprometemos a proteger y respetar tu privacidad de acuerdo con la legislaci\u00f3n vigente en materia de protecci\u00f3n de datos personales. Para obtener m\u00e1s informaci\u00f3n sobre c\u00f3mo recopilamos, utilizamos y protegemos tus datos personales, consulta nuestra Pol\u00edtica de Privacidad. 7. Legislaci\u00f3n aplicable y jurisdicci\u00f3n: Este aviso legal se rige e interpreta de acuerdo con las leyes de [pa\u00eds]. Cualquier disputa que surja en relaci\u00f3n con este aviso legal se someter\u00e1 a la jurisdicci\u00f3n exclusiva de los tribunales de [ciudad]. Te recomendamos revisar esta informaci\u00f3n legal y reglamentaria peri\u00f3dicamente, ya que nos reservamos el derecho de actualizarla o modificarla en cualquier momento sin previo aviso. Si tienes alguna pregunta o consulta relacionada con esta informaci\u00f3n legal, no dudes en contactarnos a trav\u00e9s de los datos proporcionados en nuestro sitio web. \u00daltima actualizaci\u00f3n: [13\/05\/2023]\" \/>\n<meta property=\"og:url\" content=\"https:\/\/restaurantecasadelnono.es\/index.php\/terminos-y-condiciones\/\" \/>\n<meta property=\"article:modified_time\" content=\"2023-05-13T08:05:42+00:00\" \/>\n<meta name=\"twitter:card\" content=\"summary_large_image\" \/>\n<meta name=\"twitter:label1\" content=\"Tiempo de lectura\" \/>\n\t<meta name=\"twitter:data1\" content=\"2 minutos\" \/>\n<script type=\"application\/ld+json\" class=\"yoast-schema-graph\">{\"@context\":\"https:\\\/\\\/schema.org\",\"@graph\":[{\"@type\":\"WebPage\",\"@id\":\"https:\\\/\\\/restaurantecasadelnono.es\\\/index.php\\\/terminos-y-condiciones\\\/\",\"url\":\"https:\\\/\\\/restaurantecasadelnono.es\\\/index.php\\\/terminos-y-condiciones\\\/\",\"name\":\"Terminos y Condiciones -\",\"isPartOf\":{\"@id\":\"https:\\\/\\\/restaurantecasadelnono.es\\\/#website\"},\"datePublished\":\"2023-05-13T08:01:35+00:00\",\"dateModified\":\"2023-05-13T08:05:42+00:00\",\"breadcrumb\":{\"@id\":\"https:\\\/\\\/restaurantecasadelnono.es\\\/index.php\\\/terminos-y-condiciones\\\/#breadcrumb\"},\"inLanguage\":\"es\",\"potentialAction\":[{\"@type\":\"ReadAction\",\"target\":[\"https:\\\/\\\/restaurantecasadelnono.es\\\/index.php\\\/terminos-y-condiciones\\\/\"]}]},{\"@type\":\"BreadcrumbList\",\"@id\":\"https:\\\/\\\/restaurantecasadelnono.es\\\/index.php\\\/terminos-y-condiciones\\\/#breadcrumb\",\"itemListElement\":[{\"@type\":\"ListItem\",\"position\":1,\"name\":\"Portada\",\"item\":\"https:\\\/\\\/restaurantecasadelnono.es\\\/\"},{\"@type\":\"ListItem\",\"position\":2,\"name\":\"Terminos y Condiciones\"}]},{\"@type\":\"WebSite\",\"@id\":\"https:\\\/\\\/restaurantecasadelnono.es\\\/#website\",\"url\":\"https:\\\/\\\/restaurantecasadelnono.es\\\/\",\"name\":\"\",\"description\":\"\",\"potentialAction\":[{\"@type\":\"SearchAction\",\"target\":{\"@type\":\"EntryPoint\",\"urlTemplate\":\"https:\\\/\\\/restaurantecasadelnono.es\\\/?s={search_term_string}\"},\"query-input\":{\"@type\":\"PropertyValueSpecification\",\"valueRequired\":true,\"valueName\":\"search_term_string\"}}],\"inLanguage\":\"es\"}]}<\/script>\n<!-- \/ Yoast SEO plugin. -->","yoast_head_json":{"title":"Terminos y Condiciones -","robots":{"index":"index","follow":"follow","max-snippet":"max-snippet:-1","max-image-preview":"max-image-preview:large","max-video-preview":"max-video-preview:-1"},"canonical":"https:\/\/restaurantecasadelnono.es\/index.php\/terminos-y-condiciones\/","og_locale":"es_ES","og_type":"article","og_title":"Terminos y Condiciones -","og_description":"Informaci\u00f3n Legal y Reglamentaria Bienvenido\/a a restaurantecasadelnono.es. A continuaci\u00f3n, te proporcionamos la informaci\u00f3n legal y reglamentaria necesaria para el uso adecuado de nuestro sitio web: 1. Propiedad del sitio web: restaurantecasadelnono.es es propiedad y est\u00e1 operado por Harold Rios Carmona &#8211; RESTAURANTE CASA DEL NONO. Nuestra empresa tiene su domicilio social en [PASAJE LOS AGUERAS, 1 30868 ISLA PLANA &#8211; CARTAGENA]. 2. Uso del sitio web: Al acceder y utilizar nuestro sitio web, aceptas cumplir con los t\u00e9rminos y condiciones establecidos en este aviso legal. Si no est\u00e1s de acuerdo con alguno de estos t\u00e9rminos, te recomendamos que no utilices nuestro sitio web. 3. Propiedad intelectual: Todos los contenidos del sitio web, incluyendo textos, im\u00e1genes, logotipos, dise\u00f1os, gr\u00e1ficos y software, est\u00e1n protegidos por derechos de propiedad intelectual y son propiedad exclusiva de restaurantecasadelnono.es o de los terceros que nos han otorgado licencias para su uso. Queda prohibida la reproducci\u00f3n, distribuci\u00f3n, modificaci\u00f3n o cualquier otro uso no autorizado de dichos contenidos sin el consentimiento previo por escrito del propietario. 4. Enlaces a sitios web externos: Nuestro sitio web puede contener enlaces a sitios web de terceros. Estos enlaces son proporcionados \u00fanicamente para tu conveniencia. No tenemos control sobre el contenido de esos sitios web y no nos hacemos responsables de su precisi\u00f3n, actualidad o legalidad. La inclusi\u00f3n de cualquier enlace no implica necesariamente una asociaci\u00f3n, aprobaci\u00f3n o respaldo por nuestra parte. 5. Responsabilidad: Hemos tomado las medidas necesarias para asegurarnos de que la informaci\u00f3n proporcionada en nuestro sitio web sea precisa y actualizada. Sin embargo, no podemos garantizar la exactitud, integridad o actualidad de la informaci\u00f3n. En ning\u00fan caso seremos responsables de cualquier p\u00e9rdida, da\u00f1o o perjuicio, directo o indirecto, que pueda surgir del uso o la confianza en la informaci\u00f3n proporcionada en nuestro sitio web. 6. Protecci\u00f3n de datos personales: Nos comprometemos a proteger y respetar tu privacidad de acuerdo con la legislaci\u00f3n vigente en materia de protecci\u00f3n de datos personales. Para obtener m\u00e1s informaci\u00f3n sobre c\u00f3mo recopilamos, utilizamos y protegemos tus datos personales, consulta nuestra Pol\u00edtica de Privacidad. 7. Legislaci\u00f3n aplicable y jurisdicci\u00f3n: Este aviso legal se rige e interpreta de acuerdo con las leyes de [pa\u00eds]. Cualquier disputa que surja en relaci\u00f3n con este aviso legal se someter\u00e1 a la jurisdicci\u00f3n exclusiva de los tribunales de [ciudad]. Te recomendamos revisar esta informaci\u00f3n legal y reglamentaria peri\u00f3dicamente, ya que nos reservamos el derecho de actualizarla o modificarla en cualquier momento sin previo aviso. Si tienes alguna pregunta o consulta relacionada con esta informaci\u00f3n legal, no dudes en contactarnos a trav\u00e9s de los datos proporcionados en nuestro sitio web. \u00daltima actualizaci\u00f3n: [13\/05\/2023]","og_url":"https:\/\/restaurantecasadelnono.es\/index.php\/terminos-y-condiciones\/","article_modified_time":"2023-05-13T08:05:42+00:00","twitter_card":"summary_large_image","twitter_misc":{"Tiempo de lectura":"2 minutos"},"schema":{"@context":"https:\/\/schema.org","@graph":[{"@type":"WebPage","@id":"https:\/\/restaurantecasadelnono.es\/index.php\/terminos-y-condiciones\/","url":"https:\/\/restaurantecasadelnono.es\/index.php\/terminos-y-condiciones\/","name":"Terminos y Condiciones -","isPartOf":{"@id":"https:\/\/restaurantecasadelnono.es\/#website"},"datePublished":"2023-05-13T08:01:35+00:00","dateModified":"2023-05-13T08:05:42+00:00","breadcrumb":{"@id":"https:\/\/restaurantecasadelnono.es\/index.php\/terminos-y-condiciones\/#breadcrumb"},"inLanguage":"es","potentialAction":[{"@type":"ReadAction","target":["https:\/\/restaurantecasadelnono.es\/index.php\/terminos-y-condiciones\/"]}]},{"@type":"BreadcrumbList","@id":"https:\/\/restaurantecasadelnono.es\/index.php\/terminos-y-condiciones\/#breadcrumb","itemListElement":[{"@type":"ListItem","position":1,"name":"Portada","item":"https:\/\/restaurantecasadelnono.es\/"},{"@type":"ListItem","position":2,"name":"Terminos y Condiciones"}]},{"@type":"WebSite","@id":"https:\/\/restaurantecasadelnono.es\/#website","url":"https:\/\/restaurantecasadelnono.es\/","name":"","description":"","potentialAction":[{"@type":"SearchAction","target":{"@type":"EntryPoint","urlTemplate":"https:\/\/restaurantecasadelnono.es\/?s={search_term_string}"},"query-input":{"@type":"PropertyValueSpecification","valueRequired":true,"valueName":"search_term_string"}}],"inLanguage":"es"}]}},"jetpack_sharing_enabled":true,"_links":{"self":[{"href":"https:\/\/restaurantecasadelnono.es\/index.php\/wp-json\/wp\/v2\/pages\/1831","targetHints":{"allow":["GET"]}}],"collection":[{"href":"https:\/\/restaurantecasadelnono.es\/index.php\/wp-json\/wp\/v2\/pages"}],"about":[{"href":"https:\/\/restaurantecasadelnono.es\/index.php\/wp-json\/wp\/v2\/types\/page"}],"author":[{"embeddable":true,"href":"https:\/\/restaurantecasadelnono.es\/index.php\/wp-json\/wp\/v2\/users\/1"}],"replies":[{"embeddable":true,"href":"https:\/\/restaurantecasadelnono.es\/index.php\/wp-json\/wp\/v2\/comments?post=1831"}],"version-history":[{"count":2,"href":"https:\/\/restaurantecasadelnono.es\/index.php\/wp-json\/wp\/v2\/pages\/1831\/revisions"}],"predecessor-version":[{"id":1833,"href":"https:\/\/restaurantecasadelnono.es\/index.php\/wp-json\/wp\/v2\/pages\/1831\/revisions\/1833"}],"wp:attachment":[{"href":"https:\/\/restaurantecasadelnono.es\/index.php\/wp-json\/wp\/v2\/media?parent=1831"}],"curies":[{"name":"wp","href":"https:\/\/api.w.org\/{rel}","templated":true}]}}